{"id":214,"date":"2025-04-08T23:17:52","date_gmt":"2025-04-08T22:17:52","guid":{"rendered":"https:\/\/schandschrift.de\/?page_id=214"},"modified":"2025-05-17T21:20:11","modified_gmt":"2025-05-17T20:20:11","slug":"kalendersprueche","status":"publish","type":"page","link":"https:\/\/schandschrift.de\/?page_id=214","title":{"rendered":"Kalenderspr\u00fcche"},"content":{"rendered":"\n<p>1. Wichtige Dinge m\u00fcssen wiederholt werden.<\/p>\n\n\n\n<p>Diesen Witz schulde ich Luna.<\/p>\n\n\n\n<p>2. Wichtige Dinge m\u00fcssen wiederholt werden.<\/p>\n\n\n\n<p>Diesen Witz schulde ich Luna.<\/p>\n\n\n\n<p>3. Wer sich erkl\u00e4rt, hat vergessen zu sein.<\/p>\n\n\n\n<p>4. Es ist nur so lange ein Spiel, solange nichts <em>auf dem Spiel<\/em> steht.<\/p>\n\n\n\n<p>5. Ratschl\u00e4ge sind gef\u00e4hrlich &#8211; sie k\u00f6nnten befolgt werden.<\/p>\n\n\n\n<p>6. Besser im Stuhl einschlafen, als im Schlaf einstuhlen.<\/p>\n","protected":false},"excerpt":{"rendered":"<p>1. Wichtige Dinge m\u00fcssen wiederholt werden. Diesen Witz schulde ich Luna. 2. Wichtige Dinge m\u00fcssen wiederholt werden. Diesen Witz schulde ich Luna. 3. Wer sich erkl\u00e4rt, hat vergessen zu sein. 4. Es ist nur so lange ein Spiel, solange nichts auf dem Spiel steht. 5. Ratschl\u00e4ge sind gef\u00e4hrlich &#8211; sie k\u00f6nnten befolgt werden. 6. Besser [&hellip;]<\/p>\n","protected":false},"author":1,"featured_media":0,"parent":0,"menu_order":0,"comment_status":"closed","ping_status":"closed","template":"","meta":{"footnotes":""},"class_list":["post-214","page","type-page","status-publish","hentry"],"jetpack_sharing_enabled":true,"_links":{"self":[{"href":"https:\/\/schandschrift.de\/index.php?rest_route=\/wp\/v2\/pages\/214","targetHints":{"allow":["GET"]}}],"collection":[{"href":"https:\/\/schandschrift.de\/index.php?rest_route=\/wp\/v2\/pages"}],"about":[{"href":"https:\/\/schandschrift.de\/index.php?rest_route=\/wp\/v2\/types\/page"}],"author":[{"embeddable":true,"href":"https:\/\/schandschrift.de\/index.php?rest_route=\/wp\/v2\/users\/1"}],"replies":[{"embeddable":true,"href":"https:\/\/schandschrift.de\/index.php?rest_route=%2Fwp%2Fv2%2Fcomments&post=214"}],"version-history":[{"count":4,"href":"https:\/\/schandschrift.de\/index.php?rest_route=\/wp\/v2\/pages\/214\/revisions"}],"predecessor-version":[{"id":232,"href":"https:\/\/schandschrift.de\/index.php?rest_route=\/wp\/v2\/pages\/214\/revisions\/232"}],"wp:attachment":[{"href":"https:\/\/schandschrift.de\/index.php?rest_route=%2Fwp%2Fv2%2Fmedia&parent=214"}],"curies":[{"name":"wp","href":"https:\/\/api.w.org\/{rel}","templated":true}]}}